{"id":629,"date":"2023-03-20T17:04:38","date_gmt":"2023-03-20T16:04:38","guid":{"rendered":"https:\/\/www.montecatiniwelcome.it\/?page_id=629"},"modified":"2025-07-24T09:28:18","modified_gmt":"2025-07-24T07:28:18","slug":"info","status":"publish","type":"page","link":"https:\/\/www.montecatiniwelcome.it\/en\/info\/","title":{"rendered":"Info"},"content":{"rendered":"\n<figure class=\"wp-block-gallery has-nested-images columns-default is-cropped wp-block-gallery-1 is-layout-flex wp-block-gallery-is-layout-flex\">\n<figure class=\"wp-block-image size-large\"><img loading=\"lazy\" decoding=\"async\" width=\"1024\" height=\"419\" data-id=\"452\" src=\"https:\/\/www.montecatiniwelcome.it\/wp-content\/uploads\/2023\/08\/IMG_2441-2-1024x419.jpg\" alt=\"\" class=\"wp-image-452\" srcset=\"https:\/\/www.montecatiniwelcome.it\/wp-content\/uploads\/2023\/08\/IMG_2441-2-1024x419.jpg 1024w, https:\/\/www.montecatiniwelcome.it\/wp-content\/uploads\/2023\/08\/IMG_2441-2-300x123.jpg 300w, https:\/\/www.montecatiniwelcome.it\/wp-content\/uploads\/2023\/08\/IMG_2441-2-768x314.jpg 768w, https:\/\/www.montecatiniwelcome.it\/wp-content\/uploads\/2023\/08\/IMG_2441-2-1536x628.jpg 1536w, https:\/\/www.montecatiniwelcome.it\/wp-content\/uploads\/2023\/08\/IMG_2441-2-2048x837.jpg 2048w\" sizes=\"auto, (max-width: 1024px) 100vw, 1024px\" \/><\/figure>\n<\/figure>\n\n<hr class=\"wp-block-separator has-alpha-channel-opacity is-style-dots\"\/>\n\n<p><strong><em>Montecatini Welcome is the official website of Montecatini&#8217;s cultural heritage, a space rich in historical and artistic content and at the same time innovative thanks to the communicative capacity of modern multimedia elements.<\/em><\/strong><\/p>\n\n<p><strong><em>La citt\u00e0 di Montecatini \u00e8 un\u2019ottima meta per il turismo culturale e questa piattaforma vuole valorizzarne ogni dettaglio.<\/em><\/strong><\/p>\n\n<p><strong><em>Il portale \u00e8 work in progress. Ogni suggerimento, richiesta di approfondimento o modifica sar\u00e0 accolto e vagliato con attenzione dall\u2019Ufficio Cultura che lo cura.<\/em><\/strong><\/p>\n\n<p><strong><em>La vostra partecipazione \u00e8 gradita.<\/em><\/strong><\/p>\n\n<p><strong><em>Per contattarci: <a href=\"mailto:cultura@mct.it\">cultura@mct.it<\/a>.<\/em><\/strong><\/p>\n\n<div class=\"wp-block-buttons is-layout-flex wp-block-buttons-is-layout-flex\"><\/div>\n\n<hr class=\"wp-block-separator has-alpha-channel-opacity is-style-dots\"\/>\n\n<figure class=\"wp-block-video\"><video autoplay=\"\" controls=\"\" loop=\"\" src=\"https:\/\/www.montecatiniwelcome.it\/wp-content\/uploads\/2023\/09\/Video-FInale-Promozionale-Montecatini.mp4\"><\/video><\/figure>\n\n<hr class=\"wp-block-separator has-alpha-channel-opacity is-style-dots\"\/>\n\n<h5>Ufficio Turistico IAT (ex APT)<\/h5>\n\n<p><a href=\"https:\/\/www.tomontecatini.com\/\" target=\"_blank\" rel=\"noreferrer noopener\">Ufficio Turistico IAT (ex APT)<\/a><\/p>\n\n<h5>Ufficio Cultura<\/h5>\n\n<p>tel: +39 0572 918299<\/p>\n\n<h6>ORARIO<\/h6>\n\n<div style=\"height:9px\" aria-hidden=\"true\" class=\"wp-block-spacer\"><\/div>\n\n<figure class=\"wp-block-table is-style-stripes\"><table><tbody><tr><td>Orario di apertura al pubblico<\/td><td><\/td><td><\/td><\/tr><tr><td>Luned\u00ec<\/td><td>09:30 &#8211; 12:30<\/td><td><\/td><\/tr><tr><td>Marted\u00ec<\/td><td>09:30 &#8211; 12:30<\/td><td>15:00 &#8211; 17:30<\/td><\/tr><tr><td>Mercoled\u00ec<\/td><td>09:30 &#8211; 12:30<\/td><td><\/td><\/tr><tr><td>Gioved\u00ec<\/td><td>09:30 &#8211; 12:30<\/td><td>15:00 &#8211; 17:30<\/td><\/tr><tr><td>Venerd\u00ec<\/td><td>09:30 &#8211; 12:30<\/td><td><\/td><\/tr><\/tbody><\/table><\/figure>\n\n<h5>Comune Montecatini<\/h5>\n\n<div style=\"height:9px\" aria-hidden=\"true\" class=\"wp-block-spacer\"><\/div>\n\n<p>Indirizzo: Viale Verdi, 46 \u2013 51016 Montecatini Terme (Pistoia)<br\/>Email:\u00a0<a href=\"mailto:comune@comune.montecatini-terme.pt.it\">comune@comune.montecatini-terme.pt.it<\/a><br\/>PEC:\u00a0<a href=\"mailto:comune.montecatiniterme@postacert.toscana.it\">comune.montecatiniterme@postacert.toscana.it<\/a><br\/>Telefono: +39 0572 9181<br\/>Fax: +39 0572.918264<br\/>C.F.: 00181660473<\/p>\n\n<hr class=\"wp-block-separator has-alpha-channel-opacity is-style-dots\"\/>\n\n<figure class=\"wp-block-gallery has-nested-images columns-default is-cropped wp-block-gallery-2 is-layout-flex wp-block-gallery-is-layout-flex\">\n<figure class=\"wp-block-image size-large\"><img loading=\"lazy\" decoding=\"async\" width=\"1024\" height=\"680\" data-id=\"417\" src=\"https:\/\/www.montecatiniwelcome.it\/wp-content\/uploads\/2023\/08\/Mct-Alto-Funicolare-DSC_4520-1024x680.jpg\" alt=\"\" class=\"wp-image-417\" srcset=\"https:\/\/www.montecatiniwelcome.it\/wp-content\/uploads\/2023\/08\/Mct-Alto-Funicolare-DSC_4520-1024x680.jpg 1024w, https:\/\/www.montecatiniwelcome.it\/wp-content\/uploads\/2023\/08\/Mct-Alto-Funicolare-DSC_4520-300x199.jpg 300w, https:\/\/www.montecatiniwelcome.it\/wp-content\/uploads\/2023\/08\/Mct-Alto-Funicolare-DSC_4520-768x510.jpg 768w, https:\/\/www.montecatiniwelcome.it\/wp-content\/uploads\/2023\/08\/Mct-Alto-Funicolare-DSC_4520-1536x1019.jpg 1536w, https:\/\/www.montecatiniwelcome.it\/wp-content\/uploads\/2023\/08\/Mct-Alto-Funicolare-DSC_4520-2048x1359.jpg 2048w\" sizes=\"auto, (max-width: 1024px) 100vw, 1024px\" \/><\/figure>\n\n\n\n<figure class=\"wp-block-image size-large\"><img loading=\"lazy\" decoding=\"async\" width=\"1024\" height=\"683\" data-id=\"425\" src=\"https:\/\/www.montecatiniwelcome.it\/wp-content\/uploads\/2023\/08\/IMG_3852-copia-1-1024x683.jpg\" alt=\"\" class=\"wp-image-425\" srcset=\"https:\/\/www.montecatiniwelcome.it\/wp-content\/uploads\/2023\/08\/IMG_3852-copia-1-1024x683.jpg 1024w, https:\/\/www.montecatiniwelcome.it\/wp-content\/uploads\/2023\/08\/IMG_3852-copia-1-300x200.jpg 300w, https:\/\/www.montecatiniwelcome.it\/wp-content\/uploads\/2023\/08\/IMG_3852-copia-1-768x512.jpg 768w, https:\/\/www.montecatiniwelcome.it\/wp-content\/uploads\/2023\/08\/IMG_3852-copia-1-1536x1024.jpg 1536w, https:\/\/www.montecatiniwelcome.it\/wp-content\/uploads\/2023\/08\/IMG_3852-copia-1-2048x1365.jpg 2048w\" sizes=\"auto, (max-width: 1024px) 100vw, 1024px\" \/><\/figure>\n\n\n\n<figure class=\"wp-block-image size-large\"><img loading=\"lazy\" decoding=\"async\" width=\"1024\" height=\"768\" data-id=\"421\" src=\"https:\/\/www.montecatiniwelcome.it\/wp-content\/uploads\/2023\/08\/IMG_4069-copia-1024x768.jpg\" alt=\"\" class=\"wp-image-421\" srcset=\"https:\/\/www.montecatiniwelcome.it\/wp-content\/uploads\/2023\/08\/IMG_4069-copia-1024x768.jpg 1024w, https:\/\/www.montecatiniwelcome.it\/wp-content\/uploads\/2023\/08\/IMG_4069-copia-300x225.jpg 300w, https:\/\/www.montecatiniwelcome.it\/wp-content\/uploads\/2023\/08\/IMG_4069-copia-768x576.jpg 768w, https:\/\/www.montecatiniwelcome.it\/wp-content\/uploads\/2023\/08\/IMG_4069-copia-1536x1152.jpg 1536w, https:\/\/www.montecatiniwelcome.it\/wp-content\/uploads\/2023\/08\/IMG_4069-copia-2048x1536.jpg 2048w\" sizes=\"auto, (max-width: 1024px) 100vw, 1024px\" \/><\/figure>\n<\/figure>\n\n<hr class=\"wp-block-separator has-alpha-channel-opacity is-style-dots\"\/>\n\n<h5>COME ARRIVARE a MONTECATINI TERME &#038; VALDINIEVOLE<\/h5>\n\n<div style=\"height:20px\" aria-hidden=\"true\" class=\"wp-block-spacer\"><\/div>\n\n<h6>IN AEREO<\/h6>\n\n<p>Dai vicini aeroporti internazionali \u201cGalileo Galilei\u201d di PISA e \u201cAmerigo Vespucci\u201d di FIRENZE \u00e8 possibile raggiungere tutta la Valdinievole in circa 30\/40 minuti con l\u2019auto, il treno o l\u2019autobus.<\/p>\n\n<p>Visita il sito:\u00a0<a href=\"http:\/\/www.toscana-aeroporti.com\/\">www.toscana-aeroporti.com<\/a><\/p>\n\n<p>BOLOGNA AEROPORTO<\/p>\n\n<p>Servizio navetta Aerobus\u00a0<a href=\"http:\/\/www.aerobus.bo.it\/\">www.aerobus.bo.it<\/a>\u00a0che collega l\u2019aeroporto alla citt\u00e0 e alla stazione ferroviaria di Bologna Centrale, da l\u00ec servizi Trenitalia\u00a0<a href=\"http:\/\/www.trenitalia.com\/\">www.trenitalia.com<\/a><\/p>\n\n<div style=\"height:20px\" aria-hidden=\"true\" class=\"wp-block-spacer\"><\/div>\n\n<h6>IN TRENO<\/h6>\n\n<p>Montecatini Terme \u00e8 facilmente raggiungibile in treno. \u00c8 infatti servita dalle linee Firenze \u2013 Lucca e Firenze \u2013 Viareggio: le stazioni sono quelle di Montecatini Terme &#8211; Monsummano e Montecatini Centro.<\/p>\n\n<p>Per informazioni consultare la sezione TUTTI I TRENI di\u00a0<a href=\"http:\/\/www.trenitalia.com\/\">www.trenitalia.com<\/a><\/p>\n\n<p>Per informazioni sui servizi ai disabili \u00e8 attivo il numero verde unico nazionale 199 303060 e il sito di Trenitalia. Trenitalia Informazioni: 892 021<\/p>\n\n<div style=\"height:20px\" aria-hidden=\"true\" class=\"wp-block-spacer\"><\/div>\n\n<h6>IN AUTO<\/h6>\n\n<p>La citt\u00e0 di Montecatini Terme \u00e8 facilmente raggiungibile in auto percorrendo l\u2019Autostrada A11 \u201cFirenze \u2013 Mare\u201d. Uscite: Montecatini Terme, Chiesina Uzzanese (Pescia).<\/p>\n\n<p><strong>Per chi proviene da Milano<\/strong>: Autostrada A1 direzione Firenze e, allo svincolo Firenze Nord, imboccare il raccordo per l\u2019Autostrada A11 \u201cFirenze Mare\u201d direzione Pisa.<\/p>\n\n<p><strong>Per chi proviene da Roma<\/strong>: Autostrada A1 direzione Firenze e, allo svincolo Firenze Nord, imboccare il raccordo per l\u2019Autostrada A11 \u201cFirenze Mare\u201d direzione Pisa.<\/p>\n\n<p><strong>Per chi proviene da Genova- Livorno<\/strong>: Autostrada A12 e, allo svincolo di Pisa Nord, imboccare l\u2019Autostrada A1 direzione Firenze<\/p>\n\n<p>Call Center Viabilit\u00e0 Autostrade per l\u2019Italia: 840-04.21.21<\/p>\n\n<div style=\"height:20px\" aria-hidden=\"true\" class=\"wp-block-spacer\"><\/div>\n\n<h6>IN AUTOBUS<\/h6>\n\n<p>Montecatini Terme \u00e8 raggiungibile con il servizio FlixBus. Per maggiori informazioni visitare il sito di\u00a0<a href=\"https:\/\/www.flixbus.it\/?_sp=ad61b980-3866-4dd3-9d2a-68122f3ade62.1572346766432&amp;atb_pdid=7226af1d-8347-4355-a065-7ad8c9c81ee9&amp;_ga=2.145150644.1090555539.1572346678-2004733331.1569394622&amp;_gac=1.238838196.1572346678.EAIaIQobChMIloTG5qfB5QIVWuh3Ch2G3gPFEAAYASAAEgJbE_D_BwE&amp;wt_eid=2156939462100526116&amp;wt_t=1572346766493\">FlixBus<\/a>.<\/p>\n\n<div style=\"height:20px\" aria-hidden=\"true\" class=\"wp-block-spacer\"><\/div>\n\n<h6>COME MUOVERSI A MONTECATINI TERME<\/h6>\n\n<p>Tutte le zone della citt\u00e0 sono raggiungibili mediante comodi servizi di linea con le Autolinee BluBus. Consultare il sito\u00a0<a href=\"http:\/\/www.blubus.it\/\">www.blubus.it<\/a>\u00a0o chiamare il numero 0572 911781.<\/p>\n\n<p>Taxi con localizzazione a Montecatini Terme, con i seguenti numeri: Taxi Piazza del Popolo tel: 0572-71352.\u00a0<\/p>\n\n<div style=\"height:20px\" aria-hidden=\"true\" class=\"wp-block-spacer\"><\/div>\n\n<h6>MONTECATINI TERME<\/h6>\n\n<p>Montecatini Terme si trova in una posizione di centralit\u00e0 rispetto alle pi\u00f9 importanti citt\u00e0 della Toscana. Da qui \u00e8 infatti molto facile raggiungere i suggestivi luoghi della Valdinievole, come anche Firenze, Prato, Pistoia, Lucca e le localit\u00e0 della Versilia.<\/p>\n\n<p>\u00c8 inoltre raggiungibile il Porto di Livorno, approdo per i viaggiatori che provengono dalle isole del Mediterraneo e punto di partenza per gite e viaggi.<\/p>\n\n<h7>COME ARRIVARCI<\/h7>\n<p><\/p>\n\n<p>Oltre ai collegamenti autostradali dalle entrate di Montecatini Terme e Chiesina Uzzanese, sono diversi i modi di raggiungere le localit\u00e0 nei dintorni:<\/p>\n\n<p><strong>&#8211; Linee extraurbane Blu Bus<\/strong>\u00a0orari su\u00a0<a href=\"http:\/\/www.blubus.it\/viaggia-con-noi\/P\/42\">www.blubus.it\/viaggia-con-noi\/P\/42<\/a>\u00a0o su TESEO App (<a href=\"http:\/\/www.blubus.it\/app-teseo\/P\/614\">http:\/\/www.blubus.it\/app-teseo\/P\/614<\/a>)<\/p>\n\n<p><strong>&#8211; Collegamenti Ferroviari presso le stazioni di Montecatini Terme-Monsummano e Montecatini Centro.<\/strong>\u00a0Maggiori informazioni sul sito\u00a0<a href=\"http:\/\/www.trenitalia.com\/\">www.trenitalia.com<\/a>\u00a0<\/p>\n\n<p>&#8211;\u00a0<strong>Taxi<\/strong>\u00a0con localizzazione a Montecatini Terme, con i seguenti numeri: Taxi Piazza del Popolo tel: 0572-71352 \/ Radiotaxi 0572-72262\u00a0<\/p>\n\n<p><strong>&#8211; Servizio Transfer<\/strong>\u00a0Consorzio Taxi Montecatini Terme offre il trasporto da e per le localit\u00e0 pi\u00f9 importanti della zona e aeroporti, maggiori informazioni su\u00a0<a href=\"http:\/\/www.montecatinitaxi.it\/\">www.montecatinitaxi.it<\/a>\u00a0mail:\u00a0<a href=\"mailto:info@montecatinitaxi.it\">info@montecatinitaxi.it<\/a>\u00a0tel: +39 334 3360302<\/p>\n\n<div style=\"height:20px\" aria-hidden=\"true\" class=\"wp-block-spacer\"><\/div>\n\n<h6>NOLEGGIO BICICLETTE<\/h6>\n\n<p>CICLOIDEA \u2013\u00a0\u00a0<a href=\"https:\/\/www.cicloidea.it\/it\/noleggio-bici-cicloidea\/noleggio-bici\/noleggio-bici-montecatini-terme\">https:\/\/www.cicloidea.it\/it\/noleggio-bici-cicloidea\/noleggio-bici\/noleggio-bici-montecatini-terme<\/a>\u00a0Indirizzo<em>:<\/em>\u00a0Via Amendola, 24, Pieve a Nievole, PT Contatti: tel:+39 0572 952796<\/p>\n\n<div style=\"height:20px\" aria-hidden=\"true\" class=\"wp-block-spacer\"><\/div>\n\n<h6>AUTONOLEGGIO<\/h6>\n\n<p>AUTONOLEGGIO SEDONI <a href=\"http:\/\/www.sedoni.it\/\">www.sedoni.it<\/a>\u00a0Indirizzo: Via Manin, 8, 51016, Montecatini Terme, Italia &#8211; Contatti<em>:<\/em>\u00a0\u00a0Tel. +39 0572 766028<\/p>\n\n<p>EUROPCAR\u00a0<a href=\"https:\/\/www.europcar.it\/it-it\/stazioni\/italia\/montecatini-terme\">https:\/\/www.europcar.it\/it-it\/stazioni\/italia\/montecatini-terme<\/a>\u00a0Indirizzo: Corso Giacomo Matteotti, 190\/b &#8211; 51016, Montecatini Terme (PT), Italia. Contatti: tel. +39 0572 73691 tel. +39 0572 901874<\/p>\n\n<p>AUTONOLEGGIO SELMI <a href=\"http:\/\/www.autonoleggioselmi.it\/\">www.autonoleggioselmi.it<\/a>\u00a0Indirizzo: Via Nazario Sauro, 20 &#8211; 51016 Montecatini Terme (PT), Italia &#8211; Contatti\u00a0tel: +39 0572 70198 Email:\u00a0<a href=\"mailto:info@autonoleggioselmi.it\">info@autonoleggioselmi.it<\/a>\u00a0\u00a0<\/p>\n\n<p>AUTONOLEGGIO BIRINDELLI <a href=\"https:\/\/www.birindelliservizi.it\/\">https:\/\/www.birindelliservizi.it\/<\/a>\u00a0Indirizzo:\u00a0 Via Marruota, 32 -51016 Montecatini Terme (PT), Italia &#8211; Contatti\u00a0tel: +39 0572 903505 cell: +39 392 9401975 Email:\u00a0<a href=\"mailto:info@traveltips-europa.it\">info@traveltips-europa.it<\/a><\/p>\n\n<div style=\"height:17px\" aria-hidden=\"true\" class=\"wp-block-spacer\"><\/div>\n\n<h6>GIUDE TURISTICHE<\/h6>\n\n<p>Centro Guide Pistoia<\/p>\n\n<p>Guide Turistiche Abilitate di Pistoia e della Toscana <\/p>\n\n<p>Indirizzo: Via de&#8217; Pappagalli 12 \u2013 51100 &#8211; Pistoia, Italia &#8211; Tel: +39 335 7116713<\/p>\n\n<p>e-mail:\u00a0<a href=\"mailto:centroguide.pistoia@gmail.com\">centroguide.pistoia@gmail.com<\/a>\u00a0\u2013 web:\u00a0<a href=\"http:\/\/www.centroguidepistoia.it\/\">www.centroguidepistoia.it<\/a><\/p>\n\n<div style=\"height:20px\" aria-hidden=\"true\" class=\"wp-block-spacer\"><\/div>\n\n<h6>ALTRI SITI<\/h6>\n\n<p>Terme di Montecatini<em>\u00a0<\/em>\u00a0<a href=\"http:\/\/www.termemontecatini.it\/\">www.termemontecatini.it<\/a><\/p>\n\n<p>Siti del Territorio <\/p>\n\n<p>1) Sito ufficiale del turismo di Montecatini Terme e della Valdinievole \u00a0<a href=\"http:\/\/www.tomontecatini.com\/\">www.tomontecatini.com<\/a><\/p>\n\n<p>2) Pistoia e Provincia <a href=\"http:\/\/www.discoverpistoia.it\/\">www.discoverpistoia.it<\/a>\u00a0<\/p>\n\n<p>3) Visit Tuscany \u2013 Sito ufficiale Turismo Regione Toscana <\/p>\n\n<hr class=\"wp-block-separator has-alpha-channel-opacity is-style-dots\"\/>\n\n<figure class=\"wp-block-gallery has-nested-images columns-default is-cropped wp-block-gallery-3 is-layout-flex wp-block-gallery-is-layout-flex\">\n<figure class=\"wp-block-image size-large\"><img loading=\"lazy\" decoding=\"async\" width=\"1024\" height=\"768\" data-id=\"399\" src=\"https:\/\/www.montecatiniwelcome.it\/wp-content\/uploads\/2023\/08\/IMG_2406-copia-1024x768.jpg\" alt=\"\" class=\"wp-image-399\" srcset=\"https:\/\/www.montecatiniwelcome.it\/wp-content\/uploads\/2023\/08\/IMG_2406-copia-1024x768.jpg 1024w, https:\/\/www.montecatiniwelcome.it\/wp-content\/uploads\/2023\/08\/IMG_2406-copia-300x225.jpg 300w, https:\/\/www.montecatiniwelcome.it\/wp-content\/uploads\/2023\/08\/IMG_2406-copia-768x576.jpg 768w, https:\/\/www.montecatiniwelcome.it\/wp-content\/uploads\/2023\/08\/IMG_2406-copia.jpg 1500w\" sizes=\"auto, (max-width: 1024px) 100vw, 1024px\" \/><\/figure>\n\n\n\n<figure class=\"wp-block-image size-large\"><img loading=\"lazy\" decoding=\"async\" width=\"1024\" height=\"768\" data-id=\"415\" src=\"https:\/\/www.montecatiniwelcome.it\/wp-content\/uploads\/2023\/08\/IMG_4127-copia-1-1024x768.jpg\" alt=\"\" class=\"wp-image-415\" srcset=\"https:\/\/www.montecatiniwelcome.it\/wp-content\/uploads\/2023\/08\/IMG_4127-copia-1-1024x768.jpg 1024w, https:\/\/www.montecatiniwelcome.it\/wp-content\/uploads\/2023\/08\/IMG_4127-copia-1-300x225.jpg 300w, https:\/\/www.montecatiniwelcome.it\/wp-content\/uploads\/2023\/08\/IMG_4127-copia-1-768x576.jpg 768w, https:\/\/www.montecatiniwelcome.it\/wp-content\/uploads\/2023\/08\/IMG_4127-copia-1-1536x1152.jpg 1536w, https:\/\/www.montecatiniwelcome.it\/wp-content\/uploads\/2023\/08\/IMG_4127-copia-1-2048x1536.jpg 2048w\" sizes=\"auto, (max-width: 1024px) 100vw, 1024px\" \/><\/figure>\n\n\n\n<figure class=\"wp-block-image size-large\"><img loading=\"lazy\" decoding=\"async\" width=\"1024\" height=\"768\" data-id=\"401\" src=\"https:\/\/www.montecatiniwelcome.it\/wp-content\/uploads\/2023\/08\/IMG_2405-copia-1024x768.jpg\" alt=\"\" class=\"wp-image-401\" srcset=\"https:\/\/www.montecatiniwelcome.it\/wp-content\/uploads\/2023\/08\/IMG_2405-copia-1024x768.jpg 1024w, https:\/\/www.montecatiniwelcome.it\/wp-content\/uploads\/2023\/08\/IMG_2405-copia-300x225.jpg 300w, https:\/\/www.montecatiniwelcome.it\/wp-content\/uploads\/2023\/08\/IMG_2405-copia-768x576.jpg 768w, https:\/\/www.montecatiniwelcome.it\/wp-content\/uploads\/2023\/08\/IMG_2405-copia.jpg 1500w\" sizes=\"auto, (max-width: 1024px) 100vw, 1024px\" \/><\/figure>\n<\/figure>\n","protected":false},"excerpt":{"rendered":"<p>Montecatini Welcome is the official website of Montecatini&#8217;s cultural heritage, a space rich in historical and artistic content and at the same time innovative thanks &#8230; <\/p>\n","protected":false},"author":2,"featured_media":0,"parent":0,"menu_order":0,"comment_status":"closed","ping_status":"closed","template":"","meta":{"footnotes":""},"argomenti":[],"class_list":["post-629","page","type-page","status-publish","hentry"],"_links":{"self":[{"href":"https:\/\/www.montecatiniwelcome.it\/en\/wp-json\/wp\/v2\/pages\/629","targetHints":{"allow":["GET"]}}],"collection":[{"href":"https:\/\/www.montecatiniwelcome.it\/en\/wp-json\/wp\/v2\/pages"}],"about":[{"href":"https:\/\/www.montecatiniwelcome.it\/en\/wp-json\/wp\/v2\/types\/page"}],"author":[{"embeddable":true,"href":"https:\/\/www.montecatiniwelcome.it\/en\/wp-json\/wp\/v2\/users\/2"}],"replies":[{"embeddable":true,"href":"https:\/\/www.montecatiniwelcome.it\/en\/wp-json\/wp\/v2\/comments?post=629"}],"version-history":[{"count":21,"href":"https:\/\/www.montecatiniwelcome.it\/en\/wp-json\/wp\/v2\/pages\/629\/revisions"}],"predecessor-version":[{"id":1441,"href":"https:\/\/www.montecatiniwelcome.it\/en\/wp-json\/wp\/v2\/pages\/629\/revisions\/1441"}],"wp:attachment":[{"href":"https:\/\/www.montecatiniwelcome.it\/en\/wp-json\/wp\/v2\/media?parent=629"}],"wp:term":[{"taxonomy":"argomenti","embeddable":true,"href":"https:\/\/www.montecatiniwelcome.it\/en\/wp-json\/wp\/v2\/argomenti?post=629"}],"curies":[{"name":"wp","href":"https:\/\/api.w.org\/{rel}","templated":true}]}}