{"id":203,"date":"2023-06-27T16:32:15","date_gmt":"2023-06-27T14:32:15","guid":{"rendered":"https:\/\/www.montecatiniwelcome.it\/?page_id=203"},"modified":"2026-02-03T12:46:43","modified_gmt":"2026-02-03T11:46:43","slug":"privacy-policy","status":"publish","type":"page","link":"https:\/\/www.montecatiniwelcome.it\/en\/privacy-policy\/","title":{"rendered":"Privacy Policy"},"content":{"rendered":"\n<h2 class=\"wp-block-heading\" id=\"block-16de8ce4-e0cd-4226-988a-4595ce6e719a\">INFORMATIVA ESTESA AL TRATTAMENTO DEI DATI PERSONALI (PRIVACY)<\/h2>\n\n\n\n<p id=\"block-21decf92-321b-45ac-86b6-773e8feab67f\">Si tratta di un&#8217;informativa che \u00e8 resa anche ai sensi dell&#8217;art.13 del d.lgs. n. 196\/2003 &#8211; Codice in materia di protezione dei dati personali &#8211; a coloro che interagiscono con i servizi web di Ideal Computer per la protezione dei dati personali, accessibili per via telematica. L&#8217;informativa si ispira anche alla Raccomandazione n. 2\/2001 che le autorit\u00e0 europee per la protezione dei dati personali, riunite nel Gruppo istituito dall&#8217;art.29 della direttiva n.95\/46\/CE , hanno adottato il 17 maggio 2001 per individuare alcuni requisiti minimi per la raccolta di dati personali on-line e, in particolare, le modalit\u00e0, i tempi e la natura delle informazioni che i titolari del trattamento devono fornire agli utenti quando questi si collegano a pagine web, indipendentemente dagli scopi del collegamento.<\/p>\n\n\n\n<h5 class=\"wp-block-heading\" id=\"block-93bb9725-45df-4729-9be7-7126032858c2\">Il titolare del trattamento<\/h5>\n\n\n\n<p id=\"block-09cc08b6-55bd-4ff4-ae3c-e37b3f7a7053\">Il titolare del trattamento \u00e8 Ideal Computer di Andrea Acquafresca, che ha sede a Montecatini Terme (PT &#8211; Italy), CAP 51016, Via Montebello, 79.<\/p>\n\n\n\n<h4 class=\"wp-block-heading\" id=\"block-d327e547-473f-4d60-9d96-555a41ba7381\">TIPI DI DATI TRATTATI<\/h4>\n\n\n\n<p id=\"block-a4eac591-1289-49bf-aaad-2c1aa3de37fe\">I sistemi informatici e le procedure software preposte al funzionamento di questo sito web acquisiscono, nel corso del loro normale esercizio, alcuni dati personali la cui trasmissione \u00e8 implicita nell&#8217;uso dei protocolli di comunicazione di Internet. Si tratta di informazioni che non sono raccolte per essere associate a interessati identificati, ma che per loro stessa natura potrebbero, attraverso elaborazioni ed associazioni con dati detenuti da terzi, permettere di identificare gli utenti. In questa categoria di dati rientrano gli indirizzi IP o i nomi a dominio dei computer utilizzati dagli utenti che si connettono al sito, gli indirizzi in notazione URI (Uniform Resource Identifier) delle risorse richieste, l&#8217;orario della richiesta, il metodo utilizzato nel sottoporre la richiesta al server, la dimensione del file ottenuto in risposta, il codice numerico indicante lo stato della risposta data dal server (buon fine, errore, ecc.) ed altri parametri relativi al sistema operativo e all&#8217;ambiente informatico dell&#8217;utente. Questi dati vengono utilizzati al solo fine di ricavare informazioni statistiche anonime sull&#8217;uso del sito e per controllarne il corretto funzionamento e vengono cancellati immediatamente dopo l&#8217;elaborazione. I dati potrebbero essere utilizzati per l&#8217;accertamento di responsabilit\u00e0 in caso di ipotetici reati informatici ai danni del sito.<\/p>\n\n\n\n<h5 class=\"wp-block-heading\" id=\"block-454c1ca5-0859-4deb-9bac-733348d3f93d\">Dati forniti volontariamente dall&#8217;utente<\/h5>\n\n\n\n<p id=\"block-1ca5bfea-bc5a-437f-9727-178162872a58\">L&#8217;invio facoltativo, esplicito e volontario di posta elettronica agli indirizzi indicati su questo sito comporta la successiva acquisizione dell&#8217;indirizzo del mittente, necessario per rispondere alle richieste, nonch\u00e8 degli eventuali altri dati personali inseriti nella missiva. \u00c8 escluso il trattamento di dati sensibili o giudiziari che, se eventualmente forniti dall&#8217;utente, saranno cancellati.<\/p>\n\n\n\n<h5 class=\"wp-block-heading\" id=\"block-08165190-42f2-417e-859d-9bda6088227e\">Luogo di trattamento dei dati<\/h5>\n\n\n\n<p id=\"block-8983cde9-880e-48d6-a8c3-bc1e15e6768c\">I trattamenti connessi ai servizi web di questo sito hanno luogo presso la sede di Ideal Computer o in sedi definite da Ideal Computer stessa e sono curati solo da personale tecnico dell&#8217;Ufficio incaricato del trattamento, oppure dal responsabili designati dal titolare. Nessun dato derivante dal servizio web viene diffuso. I dati personali forniti dagli utenti che inoltrano richieste di informazioni e suggerimenti sono utilizzati al solo fine di eseguire il servizio o la prestazione richiesta e sono eventualmente comunicati ad altre aree all&#8217;interno di Ideal Computer o ad altri soggetti pubblici o privati nel solo caso in cui ci\u00f2 sia necessario per fornire le informazioni da Voi richieste.<\/p>\n\n\n\n<h5 class=\"wp-block-heading\" id=\"block-aebe3adf-3e89-4c73-baef-5f80f0c0ac6c\">Cookies<\/h5>\n\n\n\n<p id=\"block-909a5304-8c36-46b6-baa9-ac6549db033b\">I cookies sono dei files che possono essere registrati sul disco rigido del suo computer. Questo permette una navigazione pi\u00f9 agevole e una maggiore facilit\u00e0 d&#8217;uso del sito stesso. I cookies possono essere usati per determinare se \u00e8 gi\u00e0 stata effettuata una connessione fra il suo computer e le nostre pagine. Viene identificato solo il cookie memorizzato sul suo computer. Naturalmente \u00e8 possibile visitare il sito anche senza i cookies. La maggior parte dei browser accetta cookies automaticamente. Si pu\u00f2 evitare la registrazione automatica dei cookies selezionando l&#8217;opzione &#8220;non accettare i cookies&#8221; fra quelle proposte. Per avere ulteriori informazioni su come effettuare questa operazione si pu\u00f2 fare riferimento alle istruzioni del browser. \u00c8 possibile cancellare in ogni momento eventuali cookies gi\u00e0 presenti sul disco rigido. La scelta di non far accettare cookies dal browser pu\u00f2 limitare le funzioni accessibili sul nostro sito.<br>Per saperne di pi\u00f9 e per un&#8217;informativa dettagliata, puoi consultare la&nbsp;<a href=\"https:\/\/www.mymontecatini.it\/cookies.php\">Cookie Policy di Ideal Computer estesa<\/a>.<\/p>\n\n\n\n<h5 class=\"wp-block-heading\" id=\"block-7b695ca5-cfbb-4ec6-8856-4adcedb4f7e5\">Facoltativit\u00e0 del conferimento dei dati<\/h5>\n\n\n\n<p id=\"block-a50a5007-8d1e-4a85-a420-26bacd135fa0\">A parte quanto specificato per i dati di navigazione, l&#8217;utente \u00e8 libero di fornire i dati personali riportati nei moduli di registrazione ai servizi del sito, di richiesta di informazioni e di invio di suggerimenti e segnalazioni al sito o comunque indicati in contatti telefonici con il sito. Il loro mancato conferimento pu\u00f2 comportare l&#8217;impossibilit\u00e0 di ottenere quanto richiesto. Per i servizi forniti da terzi, per cui il sito rappresenta solo uno spazio espositivo Ideal Computer non \u00e8 titolare n\u00e8 responsabile dei dati raccolti.<\/p>\n\n\n\n<h5 class=\"wp-block-heading\" id=\"block-49792f4d-2634-4d0e-be6d-3d90cc63b8f2\">Modalit\u00e0 del trattamento<\/h5>\n\n\n\n<p id=\"block-5d712f51-bdda-48a9-b6b8-4998de453ee2\">I dati personali sono trattati con strumenti automatizzati per il tempo strettamente necessario a conseguire gli scopi per cui sono stati raccolti. Specifiche misure di sicurezza sono osservate per prevenire la perdita dei dati, usi illeciti o non corretti ed accessi non autorizzati.<\/p>\n\n\n\n<h5 class=\"wp-block-heading\" id=\"block-597d8d4a-b2a8-426a-a8e9-7d2539b0ab66\">Diritti degli interessati<\/h5>\n\n\n\n<p>I soggetti cui si riferiscono i dati personali hanno il diritto in qualunque momento di ottenere la conferma dell&#8217;esistenza o meno dei medesimi dati e di conoscerne il contenuto e l&#8217;origine, verificarne l&#8217;esattezza o chiederne l&#8217;integrazione o l&#8217;aggiornamento, oppure la rettificazione (art. 7 del d.lgs. n. 196\/2003). Ai sensi del medesimo articolo si ha il diritto di chiedere la cancellazione, la trasformazione in forma anonima o il blocco dei dati trattati in violazione di legge, nonch\u00e8 di opporsi in ogni caso, per motivi legittimi, al loro trattamento. Le richieste vanno rivolte a info@idealcomputer.it<\/p>\n","protected":false},"excerpt":{"rendered":"<p>INFORMATIVA ESTESA AL TRATTAMENTO DEI DATI PERSONALI (PRIVACY) Si tratta di un&#8217;informativa che \u00e8 resa anche ai sensi dell&#8217;art.13 del d.lgs. n. 196\/2003 &#8211; Codice &#8230; <\/p>\n","protected":false},"author":1,"featured_media":0,"parent":0,"menu_order":0,"comment_status":"closed","ping_status":"closed","template":"","meta":{"footnotes":""},"argomenti":[],"class_list":["post-203","page","type-page","status-publish","hentry"],"_links":{"self":[{"href":"https:\/\/www.montecatiniwelcome.it\/en\/wp-json\/wp\/v2\/pages\/203","targetHints":{"allow":["GET"]}}],"collection":[{"href":"https:\/\/www.montecatiniwelcome.it\/en\/wp-json\/wp\/v2\/pages"}],"about":[{"href":"https:\/\/www.montecatiniwelcome.it\/en\/wp-json\/wp\/v2\/types\/page"}],"author":[{"embeddable":true,"href":"https:\/\/www.montecatiniwelcome.it\/en\/wp-json\/wp\/v2\/users\/1"}],"replies":[{"embeddable":true,"href":"https:\/\/www.montecatiniwelcome.it\/en\/wp-json\/wp\/v2\/comments?post=203"}],"version-history":[{"count":1,"href":"https:\/\/www.montecatiniwelcome.it\/en\/wp-json\/wp\/v2\/pages\/203\/revisions"}],"predecessor-version":[{"id":1488,"href":"https:\/\/www.montecatiniwelcome.it\/en\/wp-json\/wp\/v2\/pages\/203\/revisions\/1488"}],"wp:attachment":[{"href":"https:\/\/www.montecatiniwelcome.it\/en\/wp-json\/wp\/v2\/media?parent=203"}],"wp:term":[{"taxonomy":"argomenti","embeddable":true,"href":"https:\/\/www.montecatiniwelcome.it\/en\/wp-json\/wp\/v2\/argomenti?post=203"}],"curies":[{"name":"wp","href":"https:\/\/api.w.org\/{rel}","templated":true}]}}